{"id":42637,"date":"2022-10-14T20:45:40","date_gmt":"2022-10-14T20:45:40","guid":{"rendered":"https:\/\/markantonis.gr\/new?post_type=product&#038;p=42637"},"modified":"2022-11-10T19:14:43","modified_gmt":"2022-11-10T19:14:43","slug":"hanger-181","status":"publish","type":"product","link":"https:\/\/markantonis.gr\/new?product=hanger-181","title":{"rendered":"Hanger 181"},"content":{"rendered":"<p>\u039a\u03c1\u03b5\u03bc\u03ac\u03c3\u03c4\u03c1\u03b1 \u03b1\u03c0\u03cc \u03c6\u03c5\u03c3\u03b9\u03ba\u03cc \u03be\u03cd\u03bb\u03bf \u03ba\u03b1\u03b9 \u03bc\u03b5\u03c4\u03b1\u03bb\u03bb\u03b9\u03ba\u03ae \u03b2\u03ac\u03c3\u03b7 \u03c3\u03b5 \u03c7\u03c1\u03ce\u03bc\u03b1 \u03c6\u03c5\u03c3\u03b9\u03ba\u03bf\u03cd \u03be\u03cd\u03bb\u03bf\u03c5 \u03ba\u03b1\u03b9 \u03c7\u03c1\u03c5\u03c3\u03cc.<\/p>\n<p>\u0394\u03b9\u03b1\u03b8\u03ad\u03c3\u03b9\u03bc\u03b5\u03c2 \u03b4\u03b9\u03b1\u03c3\u03c4\u03ac\u03c3\u03b5\u03b9\u03c2 :<\/p>\n<p>\u00d8120, \u00d890, \u00d860.<\/p>\n","protected":false},"excerpt":{"rendered":"<p>\u039a\u03c1\u03b5\u03bc\u03ac\u03c3\u03c4\u03c1\u03b1 \u03b1\u03c0\u03cc \u03c6\u03c5\u03c3\u03b9\u03ba\u03cc \u03be\u03cd\u03bb\u03bf \u03ba\u03b1\u03b9 \u03bc\u03b5\u03c4\u03b1\u03bb\u03bb\u03b9\u03ba\u03ae \u03b2\u03ac\u03c3\u03b7 \u03c3\u03b5 \u03c7\u03c1\u03ce\u03bc\u03b1 \u03c6\u03c5\u03c3\u03b9\u03ba\u03bf\u03cd \u03be\u03cd\u03bb\u03bf\u03c5 \u03ba\u03b1\u03b9 \u03c7\u03c1\u03c5\u03c3\u03cc. \u0394\u03b9\u03b1\u03b8\u03ad\u03c3\u03b9\u03bc\u03b5\u03c2 \u03b4\u03b9\u03b1\u03c3\u03c4\u03ac\u03c3\u03b5\u03b9\u03c2 : \u00d8120, \u00d890, \u00d860.<\/p>\n","protected":false},"featured_media":42638,"template":"","meta":{"_mi_skip_tracking":false,"_monsterinsights_sitenote_active":false,"_monsterinsights_sitenote_note":"","_monsterinsights_sitenote_category":0},"product_cat":[159],"product_tag":[],"_links":{"self":[{"href":"https:\/\/markantonis.gr\/new\/index.php?rest_route=\/wp\/v2\/product\/42637"}],"collection":[{"href":"https:\/\/markantonis.gr\/new\/index.php?rest_route=\/wp\/v2\/product"}],"about":[{"href":"https:\/\/markantonis.gr\/new\/index.php?rest_route=\/wp\/v2\/types\/product"}],"wp:featuredmedia":[{"embeddable":true,"href":"https:\/\/markantonis.gr\/new\/index.php?rest_route=\/wp\/v2\/media\/42638"}],"wp:attachment":[{"href":"https:\/\/markantonis.gr\/new\/index.php?rest_route=%2Fwp%2Fv2%2Fmedia&parent=42637"}],"wp:term":[{"taxonomy":"product_cat","embeddable":true,"href":"https:\/\/markantonis.gr\/new\/index.php?rest_route=%2Fwp%2Fv2%2Fproduct_cat&post=42637"},{"taxonomy":"product_tag","embeddable":true,"href":"https:\/\/markantonis.gr\/new\/index.php?rest_route=%2Fwp%2Fv2%2Fproduct_tag&post=42637"}],"curies":[{"name":"wp","href":"https:\/\/api.w.org\/{rel}","templated":true}]}}